{"id":14783,"date":"2020-05-16T13:06:12","date_gmt":"2020-05-16T11:06:12","guid":{"rendered":"http:\/\/projecteingenu.com\/wordpress\/?page_id=14783"},"modified":"2021-05-20T13:47:49","modified_gmt":"2021-05-20T11:47:49","slug":"projecte-ingenu","status":"publish","type":"page","link":"http:\/\/projecteingenu.com\/wordpress\/projecte-ingenu\/","title":{"rendered":"Projecte Ingenu"},"content":{"rendered":"<p>[vc_row][vc_column]\n\t\t\t<!-- START Projecte Ingenu REVOLUTION SLIDER 6.1.3 --><p class=\"rs-p-wp-fix\"><\/p>\n\t\t\t<rs-module-wrap id=\"rev_slider_4_1_wrapper\" data-source=\"gallery\" style=\"background:transparent;padding:0;\">\n\t\t\t\t<rs-module id=\"rev_slider_4_1\" style=\"display:none;\" data-version=\"6.1.3\">\n\t\t\t\t\t<rs-slides>\n\t\t\t\t\t\t<rs-slide data-key=\"rs-4\" data-title=\"Slide\"data-sba=\"b:true;\" data-anim=\"ei:d;eo:d;s:1000;r:0;t:fade;sl:0;\">\n\t\t\t\t\t\t\t<img src=\"\/\/projecteingenu.com\/wordpress\/wp-content\/uploads\/2020\/05\/projecteingenu.jpg\" title=\"Projecte Ingenu\" width=\"2560\" height=\"1873\" data-parallax=\"2\" class=\"rev-slidebg\" data-no-retina>\n<!--\n\t\t\t\t\t\t\t--><rs-layer\n\t\t\t\t\t\t\t\tid=\"slider-4-slide-4-layer-0\" \n\t\t\t\t\t\t\t\tdata-type=\"text\"\n\t\t\t\t\t\t\t\tdata-color=\"#ffffff\"\n\t\t\t\t\t\t\t\tdata-rsp_ch=\"on\"\n\t\t\t\t\t\t\t\tdata-xy=\"x:c;y:c;\"\n\t\t\t\t\t\t\t\tdata-text=\"w:normal;s:120;l:100;ls:2px;fw:700;a:center;\"\n\t\t\t\t\t\t\t\tdata-frame_1=\"e:Power4.easeInOut;st:300;sp:1500;\"\n\t\t\t\t\t\t\t\tdata-frame_999=\"o:0;st:w;\"\n\t\t\t\t\t\t\t\tstyle=\"z-index:10;font-family:Roboto Condensed;text-transform:uppercase;\"\n\t\t\t\t\t\t\t>Projecte<br \/>Ingenu \n\t\t\t\t\t\t\t<\/rs-layer><!--\n\n\t\t\t\t\t\t\t--><rs-layer\n\t\t\t\t\t\t\t\tid=\"slider-4-slide-4-layer-2\" \n\t\t\t\t\t\t\t\tclass=\"rev-scroll-btn rev-b-span-light\"\n\t\t\t\t\t\t\t\tdata-type=\"button\"\n\t\t\t\t\t\t\t\tdata-color=\"#ffffff\"\n\t\t\t\t\t\t\t\tdata-xy=\"x:c;y:b;yo:30px;\"\n\t\t\t\t\t\t\t\tdata-text=\"w:normal;s:17;l:19;ls:1;\"\n\t\t\t\t\t\t\t\tdata-dim=\"w:33;h:53;minw:33;minh:53;\"\n\t\t\t\t\t\t\t\tdata-actions='o:click;a:scrollbelow;sp:1000ms;e:Power1.easeInOut;'\n\t\t\t\t\t\t\t\tdata-rsp_bd=\"off\"\n\t\t\t\t\t\t\t\tdata-padding=\"t:21;r:14;b:21;l:14;\"\n\t\t\t\t\t\t\t\tdata-border=\"bos:solid;boc:rgba(255,255,255,0.75);bow:3px,3px,3px,3px;bor:23px,23px,23px,23px;\"\n\t\t\t\t\t\t\t\tdata-frame_1=\"st:2000;sp:800;\"\n\t\t\t\t\t\t\t\tdata-frame_999=\"o:0;st:w;\"\n\t\t\t\t\t\t\t\tstyle=\"z-index:11;font-family:Roboto;text-transform:uppercase;\"\n\t\t\t\t\t\t\t><span><\/span><span><\/span><span><\/span> \n\t\t\t\t\t\t\t<\/rs-layer><!--\n\n\t\t\t\t\t\t\t--><rs-layer\n\t\t\t\t\t\t\t\tid=\"slider-4-slide-4-layer-3\" \n\t\t\t\t\t\t\t\tdata-type=\"shape\"\n\t\t\t\t\t\t\t\tdata-rsp_ch=\"on\"\n\t\t\t\t\t\t\t\tdata-xy=\"x:c;y:c;yo:48px;\"\n\t\t\t\t\t\t\t\tdata-text=\"w:normal;\"\n\t\t\t\t\t\t\t\tdata-dim=\"w:541px;h:36px;\"\n\t\t\t\t\t\t\t\tdata-frame_0=\"x:-50;\"\n\t\t\t\t\t\t\t\tdata-frame_1=\"st:1000;sp:1000;\"\n\t\t\t\t\t\t\t\tdata-frame_999=\"o:0;st:w;\"\n\t\t\t\t\t\t\t\tstyle=\"z-index:8;background-color:#e03160;font-family:Roboto;\"\n\t\t\t\t\t\t\t> \n\t\t\t\t\t\t\t<\/rs-layer><!--\n\n\t\t\t\t\t\t\t--><rs-layer\n\t\t\t\t\t\t\t\tid=\"slider-4-slide-4-layer-4\" \n\t\t\t\t\t\t\t\tdata-type=\"shape\"\n\t\t\t\t\t\t\t\tdata-rsp_ch=\"on\"\n\t\t\t\t\t\t\t\tdata-xy=\"x:c;y:c;yo:-52px;\"\n\t\t\t\t\t\t\t\tdata-text=\"w:normal;\"\n\t\t\t\t\t\t\t\tdata-dim=\"w:669px;h:36px;\"\n\t\t\t\t\t\t\t\tdata-frame_0=\"x:-50;\"\n\t\t\t\t\t\t\t\tdata-frame_1=\"st:1000;sp:1000;\"\n\t\t\t\t\t\t\t\tdata-frame_999=\"o:0;st:w;\"\n\t\t\t\t\t\t\t\tstyle=\"z-index:9;background-color:#e03160;font-family:Roboto;\"\n\t\t\t\t\t\t\t> \n\t\t\t\t\t\t\t<\/rs-layer><!--\n-->\t\t\t\t\t\t<\/rs-slide>\n\t\t\t\t\t<\/rs-slides>\n\t\t\t\t\t<rs-progress class=\"rs-bottom\" style=\"visibility: hidden !important;\"><\/rs-progress>\n\t\t\t\t<\/rs-module>\n\t\t\t\t<script type=\"text\/javascript\">\n\t\t\t\t\tsetREVStartSize({c: 'rev_slider_4_1',rl:[1240,1024,778,480],el:[900],gw:[1240],gh:[900],layout:'fullscreen',offsetContainer:'',offset:'',mh:\"0\"});\n\t\t\t\t\tvar\trevapi4,\n\t\t\t\t\t\ttpj;\n\t\t\t\t\tjQuery(function() {\n\t\t\t\t\t\ttpj = jQuery;\n\t\t\t\t\t\tif(tpj(\"#rev_slider_4_1\").revolution == undefined){\n\t\t\t\t\t\t\trevslider_showDoubleJqueryError(\"#rev_slider_4_1\");\n\t\t\t\t\t\t}else{\n\t\t\t\t\t\t\trevapi4 = tpj(\"#rev_slider_4_1\").show().revolution({\n\t\t\t\t\t\t\t\tsliderType:\"hero\",\n\t\t\t\t\t\t\t\tjsFileLocation:\"\/\/projecteingenu.com\/wordpress\/wp-content\/plugins\/revslider\/public\/assets\/js\/\",\n\t\t\t\t\t\t\t\tsliderLayout:\"fullscreen\",\n\t\t\t\t\t\t\t\tvisibilityLevels:\"1240,1024,778,480\",\n\t\t\t\t\t\t\t\tgridwidth:1240,\n\t\t\t\t\t\t\t\tgridheight:900,\n\t\t\t\t\t\t\t\tminHeight:\"\",\n\t\t\t\t\t\t\t\teditorheight:\"900,768,960,720\",\n\t\t\t\t\t\t\t\tresponsiveLevels:\"1240,1024,778,480\",\n\t\t\t\t\t\t\t\tdisableProgressBar:\"on\",\n\t\t\t\t\t\t\t\tnavigation: {\n\t\t\t\t\t\t\t\t\tonHoverStop:false\n\t\t\t\t\t\t\t\t},\n\t\t\t\t\t\t\t\tparallax: {\n\t\t\t\t\t\t\t\t\tlevels:[5,10,15,20,25,30,35,40,45,46,47,48,49,50,51,30],\n\t\t\t\t\t\t\t\t\ttype:\"scroll\",\n\t\t\t\t\t\t\t\t\torigo:\"slideCenter\",\n\t\t\t\t\t\t\t\t\tspeed:0\n\t\t\t\t\t\t\t\t},\n\t\t\t\t\t\t\t\tscrolleffect: {\n\t\t\t\t\t\t\t\t\tset:true,\n\t\t\t\t\t\t\t\t\tmultiplicator:1.3,\n\t\t\t\t\t\t\t\t\tmultiplicator_layers:1.3,\n\t\t\t\t\t\t\t\t\tmobile:true\n\t\t\t\t\t\t\t\t},\n\t\t\t\t\t\t\t\tfallbacks: {\n\t\t\t\t\t\t\t\t\tallowHTML5AutoPlayOnAndroid:true\n\t\t\t\t\t\t\t\t},\n\t\t\t\t\t\t\t});\n\t\t\t\t\t\t}\n\t\t\t\t\t\t\n\t\t\t\t\t});\n\t\t\t\t<\/script>\n\t\t\t<\/rs-module-wrap>\n\t\t\t<!-- END REVOLUTION SLIDER -->\n[vc_column_text css=&#8221;.vc_custom_1589624088690{padding-top: 20px !important;padding-bottom: 20px !important;background-color: #e03160 !important;}&#8221;]<\/p>\n<h3 style=\"text-align: center; color: #fff; text-transform: uppercase; letter-spacing: 0.03em; margin: 0px !important;\">Slowtheatre<\/h3>\n<p>[\/vc_column_text][vc_column_text el_class=&#8221;subtitol&#8221;]<\/p>\n<h4>Living arts for a humane world<\/h4>\n<p>[\/vc_column_text][vc_empty_space height=&#8221;60px&#8221;][vc_column_text el_class=&#8221;amplada-reduida&#8221; css=&#8221;.vc_custom_1589625367988{padding-top: 60px !important;padding-bottom: 80px !important;}&#8221;]<\/p>\n<h3 style=\"text-transform: uppercase; color: #e03160; letter-spacing: 0.03em; text-align: center; font-size: 44px; line-height: 1em;\">Constru\u00efm atmosferes esc\u00e8niques a trav\u00e9s del cant, el cos i la tecnologia.<\/h3>\n<p style=\"text-align: center; font-size: 28px; line-height: 1.1em; font-weight: bold;\"><i>Slowtheatre<\/i> \u00e9s la nostra metodologia de creaci\u00f3, basada en processos llargs que ens permeten incorporar l\u2019entorn, l\u2019actualitat i les pr\u00f2pies viv\u00e8ncies als espectacles. Evolucionar. Mutar. Transcendir.<\/p>\n<p style=\"text-align: center; font-size: 28px; line-height: 1.1em; font-weight: bold;\">Entenem el teatre com l\u2019\u00fanica eina capa\u00e7 de prefigurar noves formes de relaci\u00f3 humana: desaprendre per aprendre.<\/p>\n<p>[\/vc_column_text][vc_empty_space height=&#8221;80px&#8221;]<div class=\"eltdf-parallax-holder eltdf-vertical-middle-align eltdf-disabled-parallax-on-touch\" data-parallax-speed=\"2\" style=\"background-image: url(http:\/\/projecteingenu.com\/wordpress\/wp-content\/uploads\/2020\/05\/ladonapantera-scaled.jpg);min-height: 600px;height: 600px\">\n\t<div class=\"eltdf-parallax-inner\">\n\t\t\t<\/div>\n<\/div>\n[vc_empty_space height=&#8221;20px&#8221;][vc_raw_html css=&#8221;.vc_custom_1589627107585{padding-top: 40px !important;}&#8221;]JTNDZGl2JTIwc3R5bGUlM0QlMjJib3JkZXIlM0ElMjAxcHglMjBzb2xpZCUyMCUyM2UwMzE2MCUzQiUyMHdpZHRoJTNBJTIwMTAwJTI1JTNCJTIwbWF4LXdpZHRoJTNBJTIwOTIwcHglM0IlMjBtYXJnaW4lM0ElMjBhdXRvJTNCJTIyJTNFJTBBJTNDZGl2JTIwc3R5bGUlM0QlMjJwYWRkaW5nJTNBJTIwMjBweCUzQiUyMiUzRSUwQSUzQ2g0JTIwc3R5bGUlM0QlMjJtYXJnaW4tdG9wJTNBJTIwMHB4JTIwJTIxaW1wb3J0YW50JTNCJTIwY29sb3IlM0ElMjAlMjNlMDMxNjAlM0IlMjBmb250LXNpemUlM0ElMjAzMHB4JTNCJTIwbGV0dGVyLXNwYWNpbmclM0ElMjAwLjAzZW0lM0IlMjIlM0VJbmdlbnUlMjAtJUMzJUE4bnVhJTNDJTJGaDQlM0UlMEElM0NkaXYlM0UlM0NoNiUyMHN0eWxlJTNEJTIybGV0dGVyLXNwYWNpbmclM0EwLjE1ZW0lM0IlMjBtYXJnaW4lM0ElMjA0cHglMjAwJTNCJTIwZmxvYXQlM0ElMjBsZWZ0JTNCJTIwY29sb3IlM0ElMjAlMjNlMDMxNjAlM0IlMjBmb250LXNpemUlM0ElMjAxNnB4JTNCJTIwbGluZS1oZWlnaHQlM0ElMjAxNnB4JTNCJTIyJTNFMSUyMGFkai4lMjAlNUJEUiU1RCUzQyUyRmg2JTNFJTNDc3BhbiUyMHN0eWxlJTNEJTIyY29sb3IlM0ElMjAlMjNmZmYlM0IlMjBmb250LXNpemUlM0ElMjAxOHB4JTNCJTIyJTNFJTI2bmJzcCUzQiUyNm5ic3AlM0IlMjZuYnNwJTNCTmF0JTIwbGxpdXJlLiUzQyUyRnNwYW4lM0UlM0MlMkZkaXYlM0UlMEElM0NkaXYlM0UlM0NoNiUyMHN0eWxlJTNEJTIybGV0dGVyLXNwYWNpbmclM0EwLjE1ZW0lM0IlMjBtYXJnaW4lM0ElMjA0cHglMjAwJTNCJTIwZmxvYXQlM0ElMjBsZWZ0JTNCJTIwY29sb3IlM0ElMjAlMjNlMDMxNjAlM0IlMjBmb250LXNpemUlM0ElMjAxNnB4JTNCJTIwbGluZS1oZWlnaHQlM0ElMjAxNnB4JTNCJTIyJTNFMiUyMGFkai4lMjAlNUJMQyU1RCUzQyUyRmg2JTNFJTNDc3BhbiUyMHN0eWxlJTNEJTIyY29sb3IlM0ElMjAlMjNmZmYlM0IlMjBmb250LXNpemUlM0ElMjAxOHB4JTNCJTIyJTNFJTI2bmJzcCUzQiUyNm5ic3AlM0IlMjZuYnNwJTNCU2Vuc2UlMjBkaXNzaW11bGFjaSVDMyVCMyUyQyUyMGQlMjd1bmElMjBmcmFucXVlc2ElMjBpbm5vY2VudC4lM0MlMkZzcGFuJTNFJTNDJTJGZGl2JTNFJTBBJTNDJTJGZGl2JTNFJTBBJTNDJTJGZGl2JTNF[\/vc_raw_html][vc_column_text el_class=&#8221;amplada-reduida&#8221;]<\/p>\n<p style=\"font-size: 18px;\"><span style=\"font-weight: 400;\">El 2013 vam comen\u00e7ar a treballar com un grup d\u2019entrenament i d\u2019investigaci\u00f3 actoral regular que havia detectat la necessitat d\u2019impedir que nom\u00e9s el \u00abmercat\u00bb govern\u00e9s les nostres carreres art\u00edstiques. Naix\u00edem com a col\u00b7lectiu amb la voluntat de compaginar el treball professional amb l\u2019evoluci\u00f3 personal i la investigaci\u00f3 permanent d\u2019un model possible d\u2019actor contemporani.<\/span><\/p>\n<p style=\"font-size: 18px;\"><span style=\"font-weight: 400;\">Vam comen\u00e7ar a utilitzar el concepte <\/span><i><span style=\"font-weight: 400;\">slowtheatre<\/span><\/i><span style=\"font-weight: 400;\"> per definir-nos. El moviment <\/span><i><span style=\"font-weight: 400;\">Slow<\/span><\/i><span style=\"font-weight: 400;\"> pret\u00e9n abordar el problema de la \u00abfalta de temps\u00bb a trav\u00e9s d\u2019establir connexions amb all\u00f2 hum\u00e0; com a col\u00b7lectiu, la nostra recerca est\u00e0 orientada a generar viv\u00e8ncies que ens retornin a la dimensi\u00f3 humana, que posin \u00e8mfasi en les relaciones humanes i el tempo natural d\u2019aquestes.<\/span><\/p>\n<p style=\"font-size: 18px;\"><span style=\"font-weight: 400;\">La pretensi\u00f3 \u00e9s construir un espai de \u00abrep\u00f2s\u00bb, on la pressa per resoldre una situaci\u00f3 no sigui un criteri v\u00e0lid. Aix\u00ed doncs, vam iniciar la producci\u00f3 <\/span><i><span style=\"font-weight: 400;\">slow<\/span><\/i> <b>d\u2019espectacles<\/b><span style=\"font-weight: 400;\"> mantenint-nos al marge del <\/span><i><span style=\"font-weight: 400;\">tempo <\/span><\/i><span style=\"font-weight: 400;\">est\u00e0ndard de producci\u00f3, mentre reformul\u00e0vem la manera de resseguir l\u2019<\/span><b>entrenament actoral <\/b><span style=\"font-weight: 400;\">i les activitats <\/span><b><i>comunit\u00e0ries<\/i><\/b><i><span style=\"font-weight: 400;\">.<\/span><\/i><\/p>\n<p>[\/vc_column_text][vc_column_text css=&#8221;.vc_custom_1621511123759{padding-top: 20px !important;padding-bottom: 20px !important;background-color: #e03160 !important;}&#8221;]<\/p>\n<h4 style=\"text-align: center; color: #fff; text-transform: uppercase; letter-spacing: 0.03em; margin: 0px !important;\">Projecte Ingenu \u00e9s companyia resident de la<\/h4>\n<p><img decoding=\"async\" loading=\"lazy\" class=\" wp-image-15514 aligncenter\" src=\"http:\/\/projecteingenu.com\/wordpress\/wp-content\/uploads\/2021\/05\/ivanow_blanc-1024x238.png\" alt=\"\" width=\"255\" height=\"59\" srcset=\"http:\/\/projecteingenu.com\/wordpress\/wp-content\/uploads\/2021\/05\/ivanow_blanc-1024x238.png 1024w, http:\/\/projecteingenu.com\/wordpress\/wp-content\/uploads\/2021\/05\/ivanow_blanc-300x70.png 300w, http:\/\/projecteingenu.com\/wordpress\/wp-content\/uploads\/2021\/05\/ivanow_blanc-768x179.png 768w, http:\/\/projecteingenu.com\/wordpress\/wp-content\/uploads\/2021\/05\/ivanow_blanc-1536x357.png 1536w\" sizes=\"(max-width: 255px) 100vw, 255px\" \/>[\/vc_column_text]<div class=\"eltdf-parallax-holder eltdf-vertical-middle-align eltdf-disabled-parallax-on-touch\" data-parallax-speed=\"2\" style=\"background-image: url(http:\/\/projecteingenu.com\/wordpress\/wp-content\/uploads\/2021\/05\/Co\u0300pia-de-t_ingenu_068_parallax.jpg);min-height: 600px;height: 600px\">\n\t<div class=\"eltdf-parallax-inner\">\n\t\t\t<\/div>\n<\/div>\n[vc_column_text el_class=&#8221;subtitol&#8221;]<img decoding=\"async\" loading=\"lazy\" class=\" wp-image-15516 aligncenter\" src=\"http:\/\/projecteingenu.com\/wordpress\/wp-content\/uploads\/2021\/05\/ICEC-negre-crop.png\" alt=\"\" width=\"358\" height=\"34\" srcset=\"http:\/\/projecteingenu.com\/wordpress\/wp-content\/uploads\/2021\/05\/ICEC-negre-crop.png 942w, http:\/\/projecteingenu.com\/wordpress\/wp-content\/uploads\/2021\/05\/ICEC-negre-crop-300x29.png 300w, http:\/\/projecteingenu.com\/wordpress\/wp-content\/uploads\/2021\/05\/ICEC-negre-crop-768x73.png 768w\" sizes=\"(max-width: 358px) 100vw, 358px\" \/>[\/vc_column_text][vc_row_inner disable_element=&#8221;yes&#8221;][vc_column_inner][vc_column_text el_class=&#8221;amplada-reduida&#8221;]<div role=\"form\" class=\"wpcf7\" id=\"wpcf7-f11085-o1\" lang=\"en-US\" dir=\"ltr\">\n<div class=\"screen-reader-response\"><p role=\"status\" aria-live=\"polite\" aria-atomic=\"true\"><\/p> <ul><\/ul><\/div>\n<form action=\"\/wordpress\/wp-json\/wp\/v2\/pages\/14783#wpcf7-f11085-o1\" method=\"post\" class=\"wpcf7-form init\" novalidate=\"novalidate\" data-status=\"init\">\n<div style=\"display: none;\">\n<input type=\"hidden\" name=\"_wpcf7\" value=\"11085\" \/>\n<input type=\"hidden\" name=\"_wpcf7_version\" value=\"5.6.4\" \/>\n<input type=\"hidden\" name=\"_wpcf7_locale\" value=\"en_US\" \/>\n<input type=\"hidden\" name=\"_wpcf7_unit_tag\" value=\"wpcf7-f11085-o1\" \/>\n<input type=\"hidden\" name=\"_wpcf7_container_post\" value=\"0\" \/>\n<input type=\"hidden\" name=\"_wpcf7_posted_data_hash\" value=\"\" \/>\n<\/div>\n<div class= \"eltdf-grid-row\">\n<div class= \"eltdf-grid-col-6\">\n              <span class=\"wpcf7-form-control-wrap\" data-name=\"first-name\"><input type=\"text\" name=\"first-name\" value=\"\" size=\"40\" class=\"wpcf7-form-control wpcf7-text wpcf7-validates-as-required\" aria-required=\"true\" aria-invalid=\"false\" placeholder=\"Nom\" \/><\/span>\n     <\/div>\n<div class= \"eltdf-grid-col-6\">\n              <span class=\"wpcf7-form-control-wrap\" data-name=\"last-name\"><input type=\"text\" name=\"last-name\" value=\"\" size=\"40\" class=\"wpcf7-form-control wpcf7-text wpcf7-validates-as-required\" aria-required=\"true\" aria-invalid=\"false\" placeholder=\"Cognoms\" \/><\/span>\n     <\/div>\n<\/div>\n<div class= \"eltdf-grid-row\">\n<div class =\"eltdf-grid-col-12\">\n              <span class=\"wpcf7-form-control-wrap\" data-name=\"e-mail\"><input type=\"email\" name=\"e-mail\" value=\"\" size=\"40\" class=\"wpcf7-form-control wpcf7-text wpcf7-email wpcf7-validates-as-required wpcf7-validates-as-email\" aria-required=\"true\" aria-invalid=\"false\" placeholder=\"E-mail\" \/><\/span>\n     <\/div>\n<\/div>\n<div class= \"eltdf-grid-row\">\n<div class= \"eltdf-grid-col-12\">\n              <span class=\"wpcf7-form-control-wrap\" data-name=\"your-message\"><textarea name=\"your-message\" cols=\"40\" rows=\"10\" class=\"wpcf7-form-control wpcf7-textarea\" aria-invalid=\"false\" placeholder=\"El teu missatge\"><\/textarea><\/span>\n     <\/div>\n<\/div>\n<div class= \"eltdf-grid-row\">\n<div class= \"eltdf-grid-col-4\">\n     <\/div>\n<div class= \"eltdf-grid-col-4\">\n              <input type=\"submit\" value=\"Enviar\" class=\"wpcf7-form-control has-spinner wpcf7-submit\" \/>\n     <\/div>\n<div class= \"eltdf-grid-col-4\">\n     <\/div>\n<\/div>\n<div class=\"wpcf7-response-output\" aria-hidden=\"true\"><\/div><\/form><\/div>[\/vc_column_text][\/vc_column_inner][\/vc_row_inner][\/vc_column][vc_column][\/vc_column][\/vc_row]<\/p>\n","protected":false},"excerpt":{"rendered":"<p>[vc_row][vc_column][vc_column_text css=&#8221;.vc_custom_1589624088690{padding-top: 20px !important;padding-bottom: 20px !important;background-color: #e03160 !important;}&#8221;] Slowtheatre [\/vc_column_text][vc_column_text el_class=&#8221;subtitol&#8221;] Living arts for a humane world [\/vc_column_text][vc_empty_space height=&#8221;60px&#8221;][vc_column_text el_class=&#8221;amplada-reduida&#8221; css=&#8221;.vc_custom_1589625367988{padding-top: 60px !important;padding-bottom: 80px !important;}&#8221;] Constru\u00efm atmosferes esc\u00e8niques a trav\u00e9s del cant, el cos i la tecnologia. Slowtheatre \u00e9s la [&hellip;]<\/p>\n","protected":false},"author":1,"featured_media":0,"parent":0,"menu_order":0,"comment_status":"closed","ping_status":"closed","template":"full-width.php","meta":[],"acf":[],"_links":{"self":[{"href":"http:\/\/projecteingenu.com\/wordpress\/wp-json\/wp\/v2\/pages\/14783"}],"collection":[{"href":"http:\/\/projecteingenu.com\/wordpress\/wp-json\/wp\/v2\/pages"}],"about":[{"href":"http:\/\/projecteingenu.com\/wordpress\/wp-json\/wp\/v2\/types\/page"}],"author":[{"embeddable":true,"href":"http:\/\/projecteingenu.com\/wordpress\/wp-json\/wp\/v2\/users\/1"}],"replies":[{"embeddable":true,"href":"http:\/\/projecteingenu.com\/wordpress\/wp-json\/wp\/v2\/comments?post=14783"}],"version-history":[{"count":47,"href":"http:\/\/projecteingenu.com\/wordpress\/wp-json\/wp\/v2\/pages\/14783\/revisions"}],"predecessor-version":[{"id":15519,"href":"http:\/\/projecteingenu.com\/wordpress\/wp-json\/wp\/v2\/pages\/14783\/revisions\/15519"}],"wp:attachment":[{"href":"http:\/\/projecteingenu.com\/wordpress\/wp-json\/wp\/v2\/media?parent=14783"}],"curies":[{"name":"wp","href":"https:\/\/api.w.org\/{rel}","templated":true}]}}